{"id":229,"date":"2025-09-26T14:30:36","date_gmt":"2025-09-26T14:30:36","guid":{"rendered":"https:\/\/test.kitezone.ee\/?page_id=229"},"modified":"2025-12-07T11:18:43","modified_gmt":"2025-12-07T11:18:43","slug":"elementor-229","status":"publish","type":"page","link":"https:\/\/web.kitezone.ee\/","title":{"rendered":"Avaleht"},"content":{"rendered":"\t\t<div data-elementor-type=\"wp-page\" data-elementor-id=\"229\" class=\"elementor elementor-229\" data-elementor-post-type=\"page\">\n\t\t\t\t<div class=\"elementor-element elementor-element-127954f e-con-full e-flex e-con e-parent\" data-id=\"127954f\" data-element_type=\"container\" data-e-type=\"container\">\n\t\t<div class=\"elementor-element elementor-element-4aaa73c e-con-full e-flex e-con e-child\" data-id=\"4aaa73c\" data-element_type=\"container\" data-e-type=\"container\">\n\t\t<div class=\"elementor-element elementor-element-57db292 e-con-full e-flex e-con e-child\" data-id=\"57db292\" data-element_type=\"container\" data-e-type=\"container\">\n\t\t\t\t<div class=\"elementor-element elementor-element-af12611 elementor-widget elementor-widget-heading\" data-id=\"af12611\" data-element_type=\"widget\" data-e-type=\"widget\" data-widget_type=\"heading.default\">\n\t\t\t\t\t<h1 class=\"elementor-heading-title elementor-size-default\">Avasta tuule vabadus!<\/h1>\t\t\t\t<\/div>\n\t\t\t\t<div class=\"elementor-element elementor-element-c99cbe4 elementor-widget__width-initial elementor-widget elementor-widget-text-editor\" data-id=\"c99cbe4\" data-element_type=\"widget\" data-e-type=\"widget\" data-widget_type=\"text-editor.default\">\n\t\t\t\t\t\t\t\t\t<p>Kitezone \u00fchendab lohesurfi kirglikke s\u00f5itjaid ja neid, kes alles avastavad tuule j\u00f5udu. Meie juures leiad varustuse, n\u00f5uanded ja toetuse, et nautida vabadust nii vee peal kui \u00f5hus \u2013 ohutult ja r\u00f5\u00f5muga.<\/p>\t\t\t\t\t\t\t\t<\/div>\n\t\t<div class=\"elementor-element elementor-element-fdaa143 e-con-full e-flex e-con e-child\" data-id=\"fdaa143\" data-element_type=\"container\" data-e-type=\"container\" data-settings=\"{&quot;background_background&quot;:&quot;classic&quot;}\">\n\t\t\t\t<div class=\"elementor-element elementor-element-a381367 elementor-widget elementor-widget-button\" data-id=\"a381367\" data-element_type=\"widget\" data-e-type=\"widget\" data-widget_type=\"button.default\">\n\t\t\t\t\t\t\t\t\t\t<a class=\"elementor-button elementor-button-link elementor-size-sm\" href=\"#\">\n\t\t\t\t\t\t<span class=\"elementor-button-content-wrapper\">\n\t\t\t\t\t\t\t\t\t<span class=\"elementor-button-text\">Poodi<\/span>\n\t\t\t\t\t<\/span>\n\t\t\t\t\t<\/a>\n\t\t\t\t\t\t\t\t<\/div>\n\t\t\t\t<div class=\"elementor-element elementor-element-c30bede elementor-widget elementor-widget-button\" data-id=\"c30bede\" data-element_type=\"widget\" data-e-type=\"widget\" data-widget_type=\"button.default\">\n\t\t\t\t\t\t\t\t\t\t<a class=\"elementor-button elementor-button-link elementor-size-sm\" href=\"#\">\n\t\t\t\t\t\t<span class=\"elementor-button-content-wrapper\">\n\t\t\t\t\t\t\t\t\t<span class=\"elementor-button-text\">V\u00f5ta \u00fchendust<\/span>\n\t\t\t\t\t<\/span>\n\t\t\t\t\t<\/a>\n\t\t\t\t\t\t\t\t<\/div>\n\t\t\t\t<\/div>\n\t\t\t\t<\/div>\n\t\t\t\t<\/div>\n\t\t<div class=\"elementor-element elementor-element-2673eec e-con-full e-flex e-con e-child\" data-id=\"2673eec\" data-element_type=\"container\" data-e-type=\"container\" data-settings=\"{&quot;background_background&quot;:&quot;classic&quot;}\">\n\t\t\t\t<\/div>\n\t\t\t\t<\/div>\n\t\t<div class=\"elementor-element elementor-element-f8c06e9 e-flex e-con-boxed e-con e-parent\" data-id=\"f8c06e9\" data-element_type=\"container\" data-e-type=\"container\" data-settings=\"{&quot;background_background&quot;:&quot;classic&quot;}\">\n\t\t\t\t\t<div class=\"e-con-inner\">\n\t\t<div class=\"elementor-element elementor-element-8936a22 e-con-full e-flex e-con e-child\" data-id=\"8936a22\" data-element_type=\"container\" data-e-type=\"container\">\n\t\t\t\t<div class=\"elementor-element elementor-element-f217cbf elementor-widget elementor-widget-heading\" data-id=\"f217cbf\" data-element_type=\"widget\" data-e-type=\"widget\" data-widget_type=\"heading.default\">\n\t\t\t\t\t<h2 class=\"elementor-heading-title elementor-size-default\"><p><strong>Avasta lohesurfi vabadus koos Kitezone\u2019iga<\/strong><span style=\"font-size: 2rem\"><\/span><\/p><\/h2>\t\t\t\t<\/div>\n\t\t\t\t<div class=\"elementor-element elementor-element-3525b18 elementor-widget elementor-widget-text-editor\" data-id=\"3525b18\" data-element_type=\"widget\" data-e-type=\"widget\" data-widget_type=\"text-editor.default\">\n\t\t\t\t\t\t\t\t\t<p>Kitezone on koht, kus tuul ja vesi kohtuvad vabadusega. Meie kirg on lohesurf \u2013 olgu selleks esimesed sammud, uued trikid v\u00f5i \u00f5ige varustuse leidmine. Toetame sind igal sammul, et surfielamus oleks turvaline, p\u00f5nev ja meeldej\u00e4\u00e4v.<\/p>\t\t\t\t\t\t\t\t<\/div>\n\t\t\t\t<\/div>\n\t\t\t\t<div class=\"elementor-element elementor-element-aa85b8e elementor-widget elementor-widget-button\" data-id=\"aa85b8e\" data-element_type=\"widget\" data-e-type=\"widget\" data-widget_type=\"button.default\">\n\t\t\t\t\t\t\t\t\t\t<a class=\"elementor-button elementor-button-link elementor-size-sm\" href=\"#\">\n\t\t\t\t\t\t<span class=\"elementor-button-content-wrapper\">\n\t\t\t\t\t\t\t\t\t<span class=\"elementor-button-text\">Loe meist<\/span>\n\t\t\t\t\t<\/span>\n\t\t\t\t\t<\/a>\n\t\t\t\t\t\t\t\t<\/div>\n\t\t\t\t\t<\/div>\n\t\t\t\t<\/div>\n\t\t<div class=\"elementor-element elementor-element-6933843 e-flex e-con-boxed e-con e-parent\" data-id=\"6933843\" data-element_type=\"container\" data-e-type=\"container\">\n\t\t\t\t\t<div class=\"e-con-inner\">\n\t\t\t\t<div class=\"elementor-element elementor-element-a8372c2 elementor-widget elementor-widget-heading\" data-id=\"a8372c2\" data-element_type=\"widget\" data-e-type=\"widget\" data-widget_type=\"heading.default\">\n\t\t\t\t\t<h2 class=\"elementor-heading-title elementor-size-default\">Meie tooted<\/h2>\t\t\t\t<\/div>\n\t\t\t\t<div class=\"elementor-element elementor-element-d45bfec elementor-grid-6 elementor-product-loop-item--align-center elementor-grid-tablet-3 elementor-grid-mobile-2 elementor-products-grid elementor-wc-products elementor-widget elementor-widget-wc-categories\" data-id=\"d45bfec\" data-element_type=\"widget\" data-e-type=\"widget\" data-widget_type=\"wc-categories.default\">\n\t\t\t\t\t<div class=\"woocommerce columns-6\"><ul class=\"products elementor-grid columns-6\">\n<li class=\"product-category product first\">\n\t<a aria-label=\"Visit product category Tiivad\" href=\"https:\/\/web.kitezone.ee\/?product_cat=tiivad\"><img fetchpriority=\"high\" decoding=\"async\" src=\"https:\/\/web.kitezone.ee\/wp-content\/uploads\/2023\/02\/Fly-V1-header-1-300x300.jpg\" alt=\"Tiivad\" width=\"300\" height=\"300\" srcset=\"https:\/\/web.kitezone.ee\/wp-content\/uploads\/2023\/02\/Fly-V1-header-1-300x300.jpg 300w, https:\/\/web.kitezone.ee\/wp-content\/uploads\/2023\/02\/Fly-V1-header-1-100x100.jpg 100w, https:\/\/web.kitezone.ee\/wp-content\/uploads\/2023\/02\/Fly-V1-header-1-150x150.jpg 150w\" sizes=\"(max-width: 300px) 100vw, 300px\" \/>\t\t<h2 class=\"woocommerce-loop-category__title\">\n\t\t\tTiivad <mark class=\"count\">(5)<\/mark>\t\t<\/h2>\n\t\t<\/a><\/li>\n<li class=\"product-category product\">\n\t<a aria-label=\"Visit product category Lohed\" href=\"https:\/\/web.kitezone.ee\/?product_cat=maaramata\"><img decoding=\"async\" src=\"https:\/\/web.kitezone.ee\/wp-content\/uploads\/2023\/02\/Edge-V11-Action-Egypt-1-300x300.jpg\" alt=\"Lohed\" width=\"300\" height=\"300\" srcset=\"https:\/\/web.kitezone.ee\/wp-content\/uploads\/2023\/02\/Edge-V11-Action-Egypt-1-300x300.jpg 300w, https:\/\/web.kitezone.ee\/wp-content\/uploads\/2023\/02\/Edge-V11-Action-Egypt-1-100x100.jpg 100w, https:\/\/web.kitezone.ee\/wp-content\/uploads\/2023\/02\/Edge-V11-Action-Egypt-1-150x150.jpg 150w\" sizes=\"(max-width: 300px) 100vw, 300px\" \/>\t\t<h2 class=\"woocommerce-loop-category__title\">\n\t\t\tLohed <mark class=\"count\">(9)<\/mark>\t\t<\/h2>\n\t\t<\/a><\/li>\n<li class=\"product-category product\">\n\t<a aria-label=\"Visit product category Lisavarustus\" href=\"https:\/\/web.kitezone.ee\/?product_cat=lisavarustus\"><img decoding=\"async\" src=\"https:\/\/web.kitezone.ee\/wp-content\/uploads\/2023\/02\/Ozone-Bar-Contact-Water-V4-1-300x300.webp\" alt=\"Lisavarustus\" width=\"300\" height=\"300\" srcset=\"https:\/\/web.kitezone.ee\/wp-content\/uploads\/2023\/02\/Ozone-Bar-Contact-Water-V4-1-300x300.webp 300w, https:\/\/web.kitezone.ee\/wp-content\/uploads\/2023\/02\/Ozone-Bar-Contact-Water-V4-1-100x100.webp 100w, https:\/\/web.kitezone.ee\/wp-content\/uploads\/2023\/02\/Ozone-Bar-Contact-Water-V4-1-416x416.webp 416w, https:\/\/web.kitezone.ee\/wp-content\/uploads\/2023\/02\/Ozone-Bar-Contact-Water-V4-1-150x150.webp 150w, https:\/\/web.kitezone.ee\/wp-content\/uploads\/2023\/02\/Ozone-Bar-Contact-Water-V4-1.webp 600w\" sizes=\"(max-width: 300px) 100vw, 300px\" \/>\t\t<h2 class=\"woocommerce-loop-category__title\">\n\t\t\tLisavarustus <mark class=\"count\">(4)<\/mark>\t\t<\/h2>\n\t\t<\/a><\/li>\n<li class=\"product-category product\">\n\t<a aria-label=\"Visit product category Lauad\" href=\"https:\/\/web.kitezone.ee\/?product_cat=lohelauad\"><img loading=\"lazy\" decoding=\"async\" src=\"https:\/\/web.kitezone.ee\/wp-content\/uploads\/2023\/02\/TKB-FREERIDE-2020-OZONE-BASE-3449-300x300.jpg\" alt=\"Lauad\" width=\"300\" height=\"300\" srcset=\"https:\/\/web.kitezone.ee\/wp-content\/uploads\/2023\/02\/TKB-FREERIDE-2020-OZONE-BASE-3449-300x300.jpg 300w, https:\/\/web.kitezone.ee\/wp-content\/uploads\/2023\/02\/TKB-FREERIDE-2020-OZONE-BASE-3449-100x100.jpg 100w, https:\/\/web.kitezone.ee\/wp-content\/uploads\/2023\/02\/TKB-FREERIDE-2020-OZONE-BASE-3449-150x150.jpg 150w\" sizes=\"(max-width: 300px) 100vw, 300px\" \/>\t\t<h2 class=\"woocommerce-loop-category__title\">\n\t\t\tLauad <mark class=\"count\">(7)<\/mark>\t\t<\/h2>\n\t\t<\/a><\/li>\n<li class=\"product-category product\">\n\t<a aria-label=\"Visit product category Kasutatud varustus\" href=\"https:\/\/web.kitezone.ee\/?product_cat=lohed\"><img loading=\"lazy\" decoding=\"async\" src=\"https:\/\/web.kitezone.ee\/wp-content\/uploads\/2023\/02\/R1-V4BAGS-1-300x300.jpg\" alt=\"Kasutatud varustus\" width=\"300\" height=\"300\" srcset=\"https:\/\/web.kitezone.ee\/wp-content\/uploads\/2023\/02\/R1-V4BAGS-1-300x300.jpg 300w, https:\/\/web.kitezone.ee\/wp-content\/uploads\/2023\/02\/R1-V4BAGS-1-100x100.jpg 100w, https:\/\/web.kitezone.ee\/wp-content\/uploads\/2023\/02\/R1-V4BAGS-1-600x600.jpg 600w, https:\/\/web.kitezone.ee\/wp-content\/uploads\/2023\/02\/R1-V4BAGS-1-150x150.jpg 150w, https:\/\/web.kitezone.ee\/wp-content\/uploads\/2023\/02\/R1-V4BAGS-1-768x768.jpg 768w, https:\/\/web.kitezone.ee\/wp-content\/uploads\/2023\/02\/R1-V4BAGS-1.jpg 1000w\" sizes=\"(max-width: 300px) 100vw, 300px\" \/>\t\t<h2 class=\"woocommerce-loop-category__title\">\n\t\t\tKasutatud varustus <mark class=\"count\">(10)<\/mark>\t\t<\/h2>\n\t\t<\/a><\/li>\n<li class=\"product-category product last\">\n\t<a aria-label=\"Visit product category J\u00e4\u00e4 rulad\" href=\"https:\/\/web.kitezone.ee\/?product_cat=rulad\"><img loading=\"lazy\" decoding=\"async\" src=\"https:\/\/web.kitezone.ee\/wp-content\/uploads\/2025\/11\/589103745_33522066137392392_8817990303777324283_n-300x300.jpg\" alt=\"J\u00e4\u00e4 rulad\" width=\"300\" height=\"300\" srcset=\"https:\/\/web.kitezone.ee\/wp-content\/uploads\/2025\/11\/589103745_33522066137392392_8817990303777324283_n-300x300.jpg 300w, https:\/\/web.kitezone.ee\/wp-content\/uploads\/2025\/11\/589103745_33522066137392392_8817990303777324283_n-150x150.jpg 150w, https:\/\/web.kitezone.ee\/wp-content\/uploads\/2025\/11\/589103745_33522066137392392_8817990303777324283_n-100x100.jpg 100w\" sizes=\"(max-width: 300px) 100vw, 300px\" \/>\t\t<h2 class=\"woocommerce-loop-category__title\">\n\t\t\tJ\u00e4\u00e4 rulad <mark class=\"count\">(3)<\/mark>\t\t<\/h2>\n\t\t<\/a><\/li>\n<\/ul>\n<\/div>\t\t\t\t<\/div>\n\t\t\t\t\t<\/div>\n\t\t\t\t<\/div>\n\t\t\t\t<\/div>\n\t\t","protected":false},"excerpt":{"rendered":"<p>Avasta tuule vabadus! Kitezone \u00fchendab lohesurfi kirglikke s\u00f5itjaid ja neid, kes alles avastavad tuule j\u00f5udu. Meie juures leiad varustuse, n\u00f5uanded ja toetuse, et nautida vabadust nii vee peal kui \u00f5hus \u2013 ohutult ja r\u00f5\u00f5muga. Poodi V\u00f5ta \u00fchendust Avasta lohesurfi vabadus koos Kitezone\u2019iga Kitezone on koht, kus tuul ja vesi kohtuvad vabadusega. Meie kirg on lohesurf [&hellip;]<\/p>\n","protected":false},"author":17,"featured_media":0,"parent":0,"menu_order":0,"comment_status":"closed","ping_status":"closed","template":"","meta":{"footnotes":""},"class_list":["post-229","page","type-page","status-publish","hentry"],"jetpack_sharing_enabled":true,"_links":{"self":[{"href":"https:\/\/web.kitezone.ee\/index.php?rest_route=\/wp\/v2\/pages\/229","targetHints":{"allow":["GET"]}}],"collection":[{"href":"https:\/\/web.kitezone.ee\/index.php?rest_route=\/wp\/v2\/pages"}],"about":[{"href":"https:\/\/web.kitezone.ee\/index.php?rest_route=\/wp\/v2\/types\/page"}],"author":[{"embeddable":true,"href":"https:\/\/web.kitezone.ee\/index.php?rest_route=\/wp\/v2\/users\/17"}],"replies":[{"embeddable":true,"href":"https:\/\/web.kitezone.ee\/index.php?rest_route=%2Fwp%2Fv2%2Fcomments&post=229"}],"version-history":[{"count":71,"href":"https:\/\/web.kitezone.ee\/index.php?rest_route=\/wp\/v2\/pages\/229\/revisions"}],"predecessor-version":[{"id":768,"href":"https:\/\/web.kitezone.ee\/index.php?rest_route=\/wp\/v2\/pages\/229\/revisions\/768"}],"wp:attachment":[{"href":"https:\/\/web.kitezone.ee\/index.php?rest_route=%2Fwp%2Fv2%2Fmedia&parent=229"}],"curies":[{"name":"wp","href":"https:\/\/api.w.org\/{rel}","templated":true}]}}