{"id":759,"date":"2025-11-27T15:09:36","date_gmt":"2025-11-27T15:09:36","guid":{"rendered":"https:\/\/test.kitezone.ee\/?post_type=product&#038;p=759"},"modified":"2025-12-29T09:57:39","modified_gmt":"2025-12-29T09:57:39","slug":"surfskate-wave-pro","status":"publish","type":"product","link":"https:\/\/web.kitezone.ee\/?product=surfskate-wave-pro","title":{"rendered":"Surfi rula Wave Pro"},"content":{"rendered":"<p>Curfboard Wave Pro on k\u00f5rgklassi surfirula, mis on loodud s\u00f5itjatele, kes soovivad v\u00f5imalikult surfilaadset tunnet talvel j\u00e4\u00e4l, suvel t\u00e4naval v\u00f5i skatepargis. Wave Pro p\u00f5hineb populaarsel Wave-mudelil, kuid sellel on lisatud eriline kineetiline kallutuspadi, mis suurendab p\u00f6\u00f6rderaadiust ja annab veelgi voolavama ning d\u00fcnaamilisema s\u00f5idutunde. Uuendatud deck\u2019i kuju pakub paremat jalatuge ja stabiilsust ka tehnilisemates man\u00f6\u00f6vrites.<\/p>\n<p>Wave Pro s\u00fcda on patenteeritud Curfboardi esirumm, mis ei kasuta vedrusid ega muid lisasid. See t\u00e4hendab, et laud kohandub automaatselt sinu kehakaalule ja s\u00f5idustiilile \u2014 ilma igasuguse reguleerimiseta. Kiiruse kasvades muutub laud stabiilsemaks, v\u00f5imaldades agressiivseid p\u00f6\u00f6rdeid . Disain tagab ka selle, et teravates p\u00f6\u00f6retes ei puutu rattad laua vastu .<\/p>\n<p>Wave Pro sobib suurep\u00e4raselt surfitehnika treenimiseks, olgu selleks cutback\u2019id, slide\u2019id v\u00f5i isegi aerial\u2019id. L\u00fchike ja lai laud teeb selle v\u00e4ga man\u00f6\u00f6verdatavaks, mist\u00f5ttu on see ideaalne \u00a0rulaparkidesse ja kitsastele radadele. Mudel sobib s\u00f5itjatele kehakaaluga 20\u2013100 kg.<\/p>\n<p>Talvel s\u00f5itmiseks on rulaga on komplektis \u00a04 uisutera, mida saab asendada lihtsalt rataste asemele.<\/p>\n<p><strong>Tehnilised andmed:<\/strong><\/p>\n<ul>\n<li>Deck: P\u00f5hja-Ameerika vaher, tugev grip<\/li>\n<li>Esirumm: hooldusvaba, ilma vedrude ja bushinguteta<\/li>\n<li>Rattad: 70 \u00d7 50 mm, 82A<\/li>\n<li>Laagrid: ABEC 7<\/li>\n<li>Laua pikkus: 74 cm<\/li>\n<li>Laius: 24 cm<\/li>\n<li>Wheelbase: 46,5 cm<\/li>\n<li>Kaal: u 3 kg<\/li>\n<\/ul>\n","protected":false},"excerpt":{"rendered":"<p>Curfboard Wave Pro on k\u00f5rgklassi surfirula, mis on loodud s\u00f5itjatele, kes soovivad v\u00f5imalikult surfilaadset tunnet talvel j\u00e4\u00e4l, suvel t\u00e4naval v\u00f5i skatepargis. Wave Pro p\u00f5hineb populaarsel Wave-mudelil, kuid sellel on lisatud eriline kineetiline kallutuspadi, mis suurendab p\u00f6\u00f6rderaadiust ja annab veelgi voolavama ning d\u00fcnaamilisema s\u00f5idutunde. Uuendatud deck\u2019i kuju pakub paremat jalatuge ja stabiilsust ka tehnilisemates man\u00f6\u00f6vrites. Wave [&hellip;]<\/p>\n","protected":false},"featured_media":761,"template":"","meta":[],"product_brand":[],"product_cat":[43],"product_tag":[],"class_list":{"0":"post-759","1":"product","2":"type-product","3":"status-publish","4":"has-post-thumbnail","6":"product_cat-rulad","8":"first","9":"instock","10":"taxable","11":"shipping-taxable","12":"purchasable","13":"product-type-simple"},"jetpack_sharing_enabled":true,"_links":{"self":[{"href":"https:\/\/web.kitezone.ee\/index.php?rest_route=\/wp\/v2\/product\/759","targetHints":{"allow":["GET"]}}],"collection":[{"href":"https:\/\/web.kitezone.ee\/index.php?rest_route=\/wp\/v2\/product"}],"about":[{"href":"https:\/\/web.kitezone.ee\/index.php?rest_route=\/wp\/v2\/types\/product"}],"wp:featuredmedia":[{"embeddable":true,"href":"https:\/\/web.kitezone.ee\/index.php?rest_route=\/wp\/v2\/media\/761"}],"wp:attachment":[{"href":"https:\/\/web.kitezone.ee\/index.php?rest_route=%2Fwp%2Fv2%2Fmedia&parent=759"}],"wp:term":[{"taxonomy":"product_brand","embeddable":true,"href":"https:\/\/web.kitezone.ee\/index.php?rest_route=%2Fwp%2Fv2%2Fproduct_brand&post=759"},{"taxonomy":"product_cat","embeddable":true,"href":"https:\/\/web.kitezone.ee\/index.php?rest_route=%2Fwp%2Fv2%2Fproduct_cat&post=759"},{"taxonomy":"product_tag","embeddable":true,"href":"https:\/\/web.kitezone.ee\/index.php?rest_route=%2Fwp%2Fv2%2Fproduct_tag&post=759"}],"curies":[{"name":"wp","href":"https:\/\/api.w.org\/{rel}","templated":true}]}}