{"id":797,"date":"2025-12-29T09:45:55","date_gmt":"2025-12-29T09:45:55","guid":{"rendered":"https:\/\/test.kitezone.ee\/?post_type=product&#038;p=797"},"modified":"2025-12-29T09:57:07","modified_gmt":"2025-12-29T09:57:07","slug":"fish-pro-ocean-love","status":"publish","type":"product","link":"https:\/\/web.kitezone.ee\/?product=fish-pro-ocean-love","title":{"rendered":"FISH PRO \u201cOcean Love\u201d"},"content":{"rendered":"<p>Curfboard FISH PRO Ocean Love on stiilne ja v\u00f5imekas surfi rula, mis on loodud s\u00f5itjatele, kes soovivad\u00a0 talvel j\u00e4\u00e4l, suvel teedel ja parkides kogeda v\u00f5imalikult surfilaadset tunnet. Laual on s\u00fcgavam konkave ja kerge \u201cnose-kick\u201d, mis annavad kindla jalatoe ka radikaalsetes p\u00f6\u00f6retes, snappides ja lay-back\u2019ides. Ocean Love disain kannab endas surfikultuuri vabadust ja m\u00e4ngulisust.<\/p>\n<p>Laual on Pro Performance Kit koos kallutuspadi(de)ga ees ja taga, mis t\u00f5stavad deck\u2019i ning v\u00f5imaldavad veelgi suuremat kallutust ja sujuvust. See annab s\u00f5idule shortboard-i laadse d\u00fcnaamika ning muudab p\u00f6\u00f6rded voolavaks ja t\u00e4pseks.<\/p>\n<p>Curfboardi patenteeritud esirumm ei kasuta vedrusid ega bushinguid, vaid toimib t\u00e4ielikult s\u00f5itja kehakaalu ja liikumise pealt. See t\u00e4hendab automaatset kohandumist ilma igasuguse reguleerimiseta. Kiiruse t\u00f5ustes muutub rula stabiilsemaks ning disain hoiab \u00e4ra wheelbite\u2019i ka teravates kaarutustes.<\/p>\n<p>Talvel j\u00e4\u00e4l s\u00f5itmiseks on rulal kaasas 4 uisku, mis on lihtsalt kinnitatavad rataste asemele.<\/p>\n<p><strong>Sobivus:<\/strong><\/p>\n<ul>\n<li>Algajatele ja edasij\u00f5udnutele<\/li>\n<li>Surfitehnikate harjutamiseks (layback\u2019id, snapp\u2019id, fins-out\u2019id)<\/li>\n<li>Pump-trackidele, skateparkidesse ja t\u00e4navas\u00f5iduks<\/li>\n<li>S\u00f5itjatele kehakaaluga 20\u2013100 kg<\/li>\n<\/ul>\n<p><strong>Tehnilised andmed:<\/strong><\/p>\n<ul>\n<li>Deck: 100% P\u00f5hja-Ameerika vaher, hea gripiga<\/li>\n<li>Esirumm: hooldusvaba, bushingu- ja vedruvaba mehhanism<\/li>\n<li>Pro Performance Kit: kallutuspadi ees ja taga<\/li>\n<li>Rattad: 70 \u00d7 50 mm, pehmus 82A<\/li>\n<li>Laagrid: ABEC 7, integreeritud spacer ja kiirusr\u00f5ngad<\/li>\n<li>Pikkus: 79 cm<\/li>\n<li>Laius: 24 cm<\/li>\n<li>Wheelbase: 49 cm<\/li>\n<\/ul>\n","protected":false},"excerpt":{"rendered":"<p>Curfboard FISH PRO Ocean Love on stiilne ja v\u00f5imekas surfi rula, mis on loodud s\u00f5itjatele, kes soovivad\u00a0 talvel j\u00e4\u00e4l, suvel teedel ja parkides kogeda v\u00f5imalikult surfilaadset tunnet. Laual on s\u00fcgavam konkave ja kerge \u201cnose-kick\u201d, mis annavad kindla jalatoe ka radikaalsetes p\u00f6\u00f6retes, snappides ja lay-back\u2019ides. Ocean Love disain kannab endas surfikultuuri vabadust ja m\u00e4ngulisust. Laual on [&hellip;]<\/p>\n","protected":false},"featured_media":798,"template":"","meta":[],"product_brand":[],"product_cat":[43],"product_tag":[],"class_list":{"0":"post-797","1":"product","2":"type-product","3":"status-publish","4":"has-post-thumbnail","6":"product_cat-rulad","8":"first","9":"instock","10":"sold-individually","11":"taxable","12":"shipping-taxable","13":"purchasable","14":"product-type-simple"},"jetpack_sharing_enabled":true,"_links":{"self":[{"href":"https:\/\/web.kitezone.ee\/index.php?rest_route=\/wp\/v2\/product\/797","targetHints":{"allow":["GET"]}}],"collection":[{"href":"https:\/\/web.kitezone.ee\/index.php?rest_route=\/wp\/v2\/product"}],"about":[{"href":"https:\/\/web.kitezone.ee\/index.php?rest_route=\/wp\/v2\/types\/product"}],"wp:featuredmedia":[{"embeddable":true,"href":"https:\/\/web.kitezone.ee\/index.php?rest_route=\/wp\/v2\/media\/798"}],"wp:attachment":[{"href":"https:\/\/web.kitezone.ee\/index.php?rest_route=%2Fwp%2Fv2%2Fmedia&parent=797"}],"wp:term":[{"taxonomy":"product_brand","embeddable":true,"href":"https:\/\/web.kitezone.ee\/index.php?rest_route=%2Fwp%2Fv2%2Fproduct_brand&post=797"},{"taxonomy":"product_cat","embeddable":true,"href":"https:\/\/web.kitezone.ee\/index.php?rest_route=%2Fwp%2Fv2%2Fproduct_cat&post=797"},{"taxonomy":"product_tag","embeddable":true,"href":"https:\/\/web.kitezone.ee\/index.php?rest_route=%2Fwp%2Fv2%2Fproduct_tag&post=797"}],"curies":[{"name":"wp","href":"https:\/\/api.w.org\/{rel}","templated":true}]}}