{"id":799,"date":"2025-12-29T09:57:56","date_gmt":"2025-12-29T09:57:56","guid":{"rendered":"https:\/\/test.kitezone.ee\/?post_type=product&#038;p=799"},"modified":"2025-12-29T10:00:58","modified_gmt":"2025-12-29T10:00:58","slug":"fish-pro-dawn-patrol","status":"publish","type":"product","link":"https:\/\/web.kitezone.ee\/?product=fish-pro-dawn-patrol","title":{"rendered":"FISH PRO \u2013 Dawn Patrol"},"content":{"rendered":"<p>Curfboard FISH PRO \u201cDawn Patrol\u201d on surfskate, mis on loodud neile, kes soovivad talvel j\u00e4\u00e4l v\u00f5i suvel\u00a0 asfaldil kogeda varahommikuse surfisessiooni tunnet \u2013 voolavat, sujuvat ja t\u00e4pset. Deck\u2019il on s\u00fcgav konkave ja kerge \u201enose-kick\u201c, mis tagavad kindla jalatoe ka agressiivsetes man\u00f6\u00f6vrites, nagu snappid, lay-back\u2019id v\u00f5i teravad cutback\u2019id.<\/p>\n<p>Rula on varustatud Pro Performance Kit\u2019iga, mis sisaldab kallutuspatju ees ja taga. See t\u00f5stab deck\u2019i pisut k\u00f5rgemale ja annab v\u00f5imaluse teha s\u00fcgavamaid, shortboard-surfi meenutavaid p\u00f6\u00f6rdeid. S\u00f5it muutub voolavaks ja kontrollitavaks, eriti kitsastes kurvides ja pump-trackidel.<\/p>\n<p>Curfboardi patenteeritud esirumm t\u00f6\u00f6tab ilma vedrude ja lisadeta. See kohandub automaatselt s\u00f5itja kehakaalule ja s\u00f5idustiilile, pakkudes stabiilsust suurematel kiirustel ning sujuvaid p\u00f6\u00f6rdeid ilma reguleerimiseta. Nutikas konstruktsioon ennetab ka wheelbite\u2019i ka k\u00f5ige j\u00e4rsemates man\u00f6\u00f6vrites.<\/p>\n<p>Talvel j\u00e4\u00e4l s\u00f5itmiseks on komplektis kaasas 4 uisutera, mis on lihtsalt kinnitatavad rataste asemele !<\/p>\n<p><strong>Sobivus:<\/strong><\/p>\n<ul>\n<li>Algajatele ja edasij\u00f5udnutele<\/li>\n<li>Surfitehnikate harjutamiseks (layback\u2019id, snappid, fins-out\u2019id)<\/li>\n<li>Pump-trackidele, parkidesse ja t\u00e4navas\u00f5iduks<\/li>\n<li>S\u00f5itjatele kehakaaluga 20\u2013100 kg<\/li>\n<\/ul>\n<p><strong>Tehnilised andmed:<\/strong><\/p>\n<ul>\n<li>Deck: 100% P\u00f5hja-Ameerika vaher, gripiga<\/li>\n<li>Esirumm: hooldusvaba, vedru- ja bushinguvaba mehhanism<\/li>\n<li>Pro Performance Kit: kallutuspadi ees ja taga<\/li>\n<li>Rattad: 70 \u00d7 50 mm, 82A<\/li>\n<li>Laagrid: ABEC 7 (spacer ja kiirusr\u00f5ngad)<\/li>\n<li>Pikkus: 79 cm<\/li>\n<li>Laius: 24 cm<\/li>\n<li>Wheelbase: 49 cm<\/li>\n<li>Kaal: u 3 kg<\/li>\n<\/ul>\n","protected":false},"excerpt":{"rendered":"<p>Curfboard FISH PRO \u201cDawn Patrol\u201d on surfskate, mis on loodud neile, kes soovivad talvel j\u00e4\u00e4l v\u00f5i suvel\u00a0 asfaldil kogeda varahommikuse surfisessiooni tunnet \u2013 voolavat, sujuvat ja t\u00e4pset. Deck\u2019il on s\u00fcgav konkave ja kerge \u201enose-kick\u201c, mis tagavad kindla jalatoe ka agressiivsetes man\u00f6\u00f6vrites, nagu snappid, lay-back\u2019id v\u00f5i teravad cutback\u2019id. Rula on varustatud Pro Performance Kit\u2019iga, mis sisaldab [&hellip;]<\/p>\n","protected":false},"featured_media":800,"template":"","meta":[],"product_brand":[],"product_cat":[43],"product_tag":[],"class_list":{"0":"post-799","1":"product","2":"type-product","3":"status-publish","4":"has-post-thumbnail","6":"product_cat-rulad","8":"first","9":"instock","10":"sold-individually","11":"taxable","12":"shipping-taxable","13":"purchasable","14":"product-type-simple"},"jetpack_sharing_enabled":true,"_links":{"self":[{"href":"https:\/\/web.kitezone.ee\/index.php?rest_route=\/wp\/v2\/product\/799","targetHints":{"allow":["GET"]}}],"collection":[{"href":"https:\/\/web.kitezone.ee\/index.php?rest_route=\/wp\/v2\/product"}],"about":[{"href":"https:\/\/web.kitezone.ee\/index.php?rest_route=\/wp\/v2\/types\/product"}],"wp:featuredmedia":[{"embeddable":true,"href":"https:\/\/web.kitezone.ee\/index.php?rest_route=\/wp\/v2\/media\/800"}],"wp:attachment":[{"href":"https:\/\/web.kitezone.ee\/index.php?rest_route=%2Fwp%2Fv2%2Fmedia&parent=799"}],"wp:term":[{"taxonomy":"product_brand","embeddable":true,"href":"https:\/\/web.kitezone.ee\/index.php?rest_route=%2Fwp%2Fv2%2Fproduct_brand&post=799"},{"taxonomy":"product_cat","embeddable":true,"href":"https:\/\/web.kitezone.ee\/index.php?rest_route=%2Fwp%2Fv2%2Fproduct_cat&post=799"},{"taxonomy":"product_tag","embeddable":true,"href":"https:\/\/web.kitezone.ee\/index.php?rest_route=%2Fwp%2Fv2%2Fproduct_tag&post=799"}],"curies":[{"name":"wp","href":"https:\/\/api.w.org\/{rel}","templated":true}]}}